{"id":7339,"date":"2022-03-21T19:24:55","date_gmt":"2022-03-21T19:24:55","guid":{"rendered":"https:\/\/www2.skeyndor.com\/producto\/probiome-peel-post-peel-probiome-kit-tratamiento-en-casa-restaurador-7-dias\/"},"modified":"2026-03-02T10:08:31","modified_gmt":"2026-03-02T09:08:31","slug":"probiome-peel-post-peel-probiome-kit-tratamiento-en-casa-restaurador-7-dias","status":"publish","type":"product","link":"https:\/\/skeyndor.com\/en\/product\/probiome-peel-post-peel-probiome-kit-tratamiento-en-casa-restaurador-7-dias\/","title":{"rendered":"Probiome Peel kit- Tratamiento en casa restaurador 7 d\u00edas"},"content":{"rendered":"<h4>DESCRIPCI\u00d3N<\/h4>\n<p>El kit POST-PEEL PROBIOME, tratamiento en casa para 7 d\u00edas contiene:<br \/>\nMULTIBIOTIC RESTORING COMPLEX: Fluido acuoso, de textura ligera y acabado suave, efecto \u201csegunda piel\u201d. Recupera el microbioma cut\u00e1neo y restaura la sensaci\u00f3n de confort en la piel sensibilizada por el peeling.<br \/>\nDD AGE DEFENSE CREAM SPF 50 la emulsi\u00f3n con color, de acabado natural y cobertura media unifica el tono, suaviza la piel y la protege de la radiaci\u00f3n solar.<\/p>\n<h4>TIPO DE PIEL<\/h4>\n<p>Para todo tipo de piel<\/p>\n<h4>CONSEJOS DE APLICACI\u00d3N<\/h4>\n<p>MULTIBIOTIC RESTORING COMPLEX:aplicar 2 veces al d\u00eda, ma\u00f1ana y noche,<br \/>\nMULTIVITAMIN NIGHT CREAM: Se aplicar 1 vez al d\u00eda, por la noche, despu\u00e9s del MULTIBIOTIC RESTORING COMPLEX.<br \/>\nDD AGE DEFENSE CREAM SPF 50 Se aplica 1 vez al d\u00eda, por la ma\u00f1ana despu\u00e9s del MULTIBIOTIC RESTORING COMPLEX. -MULTIVITAMIN NIGHT CREAM: Es una crema nutritiva que mantiene y prolonga los efectos renovadores de los peelings. Contiene ceramidas para recuperar el efecto barrera y un cocktel de 7 vitaminas para potenciar el efecto revitalizante.<\/p>\n<h4>BENEFICIOS DEL PRODUCTO<\/h4>\n<p>Restaura, Protege, Rehidrata<\/p>\n<p><iframe src=\"https:\/\/www.youtube.com\/embed\/r3WSEamijvg\" width=\"560\" height=\"315\" frameborder=\"0\" allowfullscreen=\"allowfullscreen\"><\/iframe><\/p>\n","protected":false},"excerpt":{"rendered":"<h2>Tratamiento para una regeneraci\u00f3n y restauraci\u00f3n de la piel completa. Restaura, protege y rehidrata la piel durante 7 d\u00edas y 7 noches.<\/h2>\n<p>POST-PEEL PROBIOME KIT, Es el complemento esencial para proteger la piel los d\u00edas posteriores al tratamiento en cabina PROBIOME PEEL y conseguir la m\u00e1xima eficacia.<\/p>\n","protected":false},"featured_media":7342,"template":"","meta":{"_acf_changed":false},"product_brand":[],"product_cat":[1876],"product_tag":[],"class_list":{"0":"post-7339","1":"product","2":"type-product","3":"status-publish","4":"has-post-thumbnail","6":"product_cat-probiome-peel","7":"no-featured-image-padding","8":"","9":"woocommerce-text-align-center","10":"woocommerce-image-align-center","12":"first","13":"instock","14":"product-type-simple"},"acf":[],"_links":{"self":[{"href":"https:\/\/skeyndor.com\/en\/wp-json\/wp\/v2\/product\/7339","targetHints":{"allow":["GET"]}}],"collection":[{"href":"https:\/\/skeyndor.com\/en\/wp-json\/wp\/v2\/product"}],"about":[{"href":"https:\/\/skeyndor.com\/en\/wp-json\/wp\/v2\/types\/product"}],"version-history":[{"count":1,"href":"https:\/\/skeyndor.com\/en\/wp-json\/wp\/v2\/product\/7339\/revisions"}],"predecessor-version":[{"id":33938,"href":"https:\/\/skeyndor.com\/en\/wp-json\/wp\/v2\/product\/7339\/revisions\/33938"}],"wp:featuredmedia":[{"embeddable":true,"href":"https:\/\/skeyndor.com\/en\/wp-json\/wp\/v2\/media\/7342"}],"wp:attachment":[{"href":"https:\/\/skeyndor.com\/en\/wp-json\/wp\/v2\/media?parent=7339"}],"wp:term":[{"taxonomy":"product_brand","embeddable":true,"href":"https:\/\/skeyndor.com\/en\/wp-json\/wp\/v2\/product_brand?post=7339"},{"taxonomy":"product_cat","embeddable":true,"href":"https:\/\/skeyndor.com\/en\/wp-json\/wp\/v2\/product_cat?post=7339"},{"taxonomy":"product_tag","embeddable":true,"href":"https:\/\/skeyndor.com\/en\/wp-json\/wp\/v2\/product_tag?post=7339"}],"curies":[{"name":"wp","href":"https:\/\/api.w.org\/{rel}","templated":true}]}}