{"id":32262,"date":"2025-03-11T10:33:10","date_gmt":"2025-03-11T09:33:10","guid":{"rendered":"https:\/\/skeyndor.com\/?post_type=product&#038;p=32262"},"modified":"2026-04-22T12:54:11","modified_gmt":"2026-04-22T10:54:11","slug":"kit-facial-calmante","status":"publish","type":"product","link":"https:\/\/skeyndor.com\/en\/product\/kit-facial-calmante\/","title":{"rendered":"Kit Active Protection Calmante- Age photo defense"},"content":{"rendered":"<h4>CONTENIDO DEL KIT<\/h4>\n<p>Descubre la nueva linea de fotoprotecci\u00f3n diaria <a href=\"https:\/\/skeyndor.com\/linea\/age-photo-defense\/\">AGE PHOTO DEFENSE <\/a>con este Kit facial exclusivo:<\/p>\n<ul>\n<li data-section-id=\"1ehnk0x\" data-start=\"2485\" data-end=\"2545\"><a href=\"https:\/\/skeyndor.com\/producto\/crema-protectora-facial-termal-spf-50-age-photo-defense\/\">AGE PHOTO DEFENSE Crema Protectora Termal SPF 50<\/a> \u2013 75 ml<\/li>\n<li data-section-id=\"1nl5y85\" data-start=\"2546\" data-end=\"2573\"><a href=\"https:\/\/skeyndor.com\/producto\/serum-aquatherm\/\"> AQUATHERM Serum<\/a> \u2013 10 ml<\/li>\n<\/ul>\n<p>Todas las cremas faciales protectoras de la nueva linea AGE PHOTO DEFENSE est\u00e1n desarrolladas con la tecnolog\u00eda [D+] TECH, capaz de activar y estimular los receptores de vitamina D (VDR) sobre la piel y tienen protecci\u00f3n solar muy alta (SPF 50+) y alta (SPF 50) de amplio espectro: UVA, UVB, HEVis e IR, ofreciendo 365 d\u00edas de protecci\u00f3n en cualquier entorno.<\/p>\n<h4>TIPO DE PIEL<\/h4>\n<p>Este kit de Age photo defense, est\u00e1 indicado especialmente para pieles sensibles,pieles reactivas, piel con tendencia al enrojecimiento o piel post tratamientos est\u00e9ticos (peeling, l\u00e1ser).<\/p>\n<h4>BENEFICIOS<\/h4>\n<p>Alta protecci\u00f3n frente a UVA, UVB, IR y luz azul<br \/>\nReduce la reactividad cut\u00e1nea<br \/>\nCalma la piel y disminuye la sensaci\u00f3n de calor<br \/>\nRefuerza la funci\u00f3n barrera<br \/>\nMejora el confort diario<br \/>\nIdeal post-tratamientos est\u00e9ticos<\/p>\n<div style=\"padding: 56.25% 0 0 0; position: relative;\"><iframe style=\"position: absolute; top: 0; left: 0; width: 100%; height: 100%;\"  src=\"https:\/\/player.vimeo.com\/video\/1060820420?badge=0&amp;autopause=0&amp;player_id=0&amp;app_id=58479\" frameborder=\"0\"><\/iframe><\/div>\n<p><script src=\"https:\/\/player.vimeo.com\/api\/player.js\"><\/script><\/p>\n","protected":false},"excerpt":{"rendered":"<h2>Kit Active Protection Calmante.Fotoprotecci\u00f3n tratante + confort cut\u00e1neo<\/h2>\n<p>Kit solar especialmente formulado para pieles sensibles o reactivas que combina alta protecci\u00f3n solar con un tratamiento calmante que ayuda a reducir la reactividad y reforzar la barrera cut\u00e1nea.<br \/>\nProtege la piel frente al da\u00f1o solar mientras mejora su tolerancia y confort diario.<\/p>\n","protected":false},"featured_media":47657,"template":"","meta":{"_acf_changed":false},"product_brand":[],"product_cat":[1874],"product_tag":[1759,71,714,422,822,72,713,2153,2081,837,709,2158,715],"class_list":{"0":"post-32262","1":"product","2":"type-product","3":"status-publish","4":"has-post-thumbnail","6":"product_cat-regala-belleza","7":"product_tag-blue-light","8":"product_tag-calmante","9":"product_tag-crema-facial","10":"product_tag-hidratacion","11":"product_tag-kit","12":"product_tag-piel-sensible","13":"product_tag-proteccion","14":"product_tag-proteccion-alta","15":"product_tag-proteccion-facial","16":"product_tag-reparacion","17":"product_tag-solar","18":"product_tag-spf-50","19":"product_tag-spf50","20":"no-featured-image-padding","21":"","22":"woocommerce-text-align-center","23":"woocommerce-image-align-center","25":"first","26":"instock","27":"purchasable","28":"product-type-simple"},"acf":[],"_links":{"self":[{"href":"https:\/\/skeyndor.com\/en\/wp-json\/wp\/v2\/product\/32262","targetHints":{"allow":["GET"]}}],"collection":[{"href":"https:\/\/skeyndor.com\/en\/wp-json\/wp\/v2\/product"}],"about":[{"href":"https:\/\/skeyndor.com\/en\/wp-json\/wp\/v2\/types\/product"}],"version-history":[{"count":3,"href":"https:\/\/skeyndor.com\/en\/wp-json\/wp\/v2\/product\/32262\/revisions"}],"predecessor-version":[{"id":47710,"href":"https:\/\/skeyndor.com\/en\/wp-json\/wp\/v2\/product\/32262\/revisions\/47710"}],"wp:featuredmedia":[{"embeddable":true,"href":"https:\/\/skeyndor.com\/en\/wp-json\/wp\/v2\/media\/47657"}],"wp:attachment":[{"href":"https:\/\/skeyndor.com\/en\/wp-json\/wp\/v2\/media?parent=32262"}],"wp:term":[{"taxonomy":"product_brand","embeddable":true,"href":"https:\/\/skeyndor.com\/en\/wp-json\/wp\/v2\/product_brand?post=32262"},{"taxonomy":"product_cat","embeddable":true,"href":"https:\/\/skeyndor.com\/en\/wp-json\/wp\/v2\/product_cat?post=32262"},{"taxonomy":"product_tag","embeddable":true,"href":"https:\/\/skeyndor.com\/en\/wp-json\/wp\/v2\/product_tag?post=32262"}],"curies":[{"name":"wp","href":"https:\/\/api.w.org\/{rel}","templated":true}]}}