{"id":31930,"date":"2025-02-12T15:49:01","date_gmt":"2025-02-12T14:49:01","guid":{"rendered":"https:\/\/skeyndor.com\/?post_type=product&#038;p=31930"},"modified":"2026-03-02T10:20:20","modified_gmt":"2026-03-02T09:20:20","slug":"colaboracioncasadecarlota","status":"publish","type":"product","link":"https:\/\/skeyndor.com\/en\/product\/colaboracioncasadecarlota\/","title":{"rendered":"La casa de Carlota &#038; Skeyndor"},"content":{"rendered":"<h4>COLABORACION SKEYNDOR &#038; CASA DE CARLOTA<\/h4>\n<p>En su apuesta por la inclusividad y el desarrollo personal, la marca de cosm\u00e9tica profesional ha colaborado con el estudio creativo para crear un dise\u00f1o vibrante y lleno de personalidad y un homenaje a la diversidad y a la belleza de todas las pieles.<br \/>\nLa Casa de Carlota es el estudio de dise\u00f1o de la agencia de comunicaci\u00f3n Roman, el primero del mundo que incluye en su equipo a creativos con discapacidad intelectual. El resultado, una explosi\u00f3n de creatividad que transmite cuidado y delicadeza.<br \/>\n\u201cWater for life\u201d es el claim elegido, que expresa el compromiso de la marca con la vida, que abarca la salud, el bienestar, la belleza y la responsabilidad social y ambiental.<\/p>\n<h4>MAKING OF<\/h4>\n<div style=\"padding:56.25% 0 0 0;position:relative;\"><iframe src=\"https:\/\/player.vimeo.com\/video\/1056007128?badge=0&amp;autopause=0&amp;player_id=0&amp;app_id=58479\" frameborder=\"0\" allow=\"autoplay; fullscreen; picture-in-picture; clipboard-write; encrypted-media\" style=\"position:absolute;top:0;left:0;width:100%;height:100%;\" ><\/iframe><\/div>\n<p><script src=\"https:\/\/player.vimeo.com\/api\/player.js\"><\/script><\/p>\n<h4>SKEYNDOR &#038; CASA DE CARLOTA COLABORATION<\/h4>\n<p>In its commitment to inclusivity and personal development, the professional cosmetics brand has joined forces with the creative studio to create a vibrant, personality-filled design, and a tribute to diversity and beauty of all skin-types.<br \/>\nLa Casa de Carlota is a special design studio because it is the first in the world to include creatives with neurodivergent people in its team. The result is an explosion of creativity that conveys care and delicacy.<br \/>\n\u201cWater for life\u201d is the chosen claim, as it expresses the brand&#8217;s commitment to life, which encompasses health, well-being, beauty and social and environmental responsibility.<\/p>\n<h4>MAKING OF<\/h4>\n<div style=\"padding:56.25% 0 0 0;position:relative;\"><iframe src=\"https:\/\/player.vimeo.com\/video\/1056007214?badge=0&amp;autopause=0&amp;player_id=0&amp;app_id=58479\" frameborder=\"0\" allow=\"autoplay; fullscreen; picture-in-picture; clipboard-write; encrypted-media\" style=\"position:absolute;top:0;left:0;width:100%;height:100%;\" ><\/iframe><\/div>\n<p><script src=\"https:\/\/player.vimeo.com\/api\/player.js\"><\/script><\/p>\n","protected":false},"excerpt":{"rendered":"<h2>Skeyndor conf\u00eda en La Casa de Carlota para el dise\u00f1o de la campa\u00f1a de Primavera.<\/p>\n<p>Skeyndor trusts La Casa de Carlota to design its Spring campaign.<\/h2>\n<p>La Casa de Carlota ha sido la encargada de dise\u00f1ar la campa\u00f1a de primavera de Skeyndor, aportando su visi\u00f3n art\u00edstica \u00fanica para capturar la esencia de la marca. El resultado es un dise\u00f1o lleno de color, emoci\u00f3n y significado, reflejo del talento de un equipo creativo que desaf\u00eda los l\u00edmites de la percepci\u00f3n del dise\u00f1o.<\/p>\n<p>La Casa de Carlota was entrusted with designing Skeyndor\u2019s Spring campaign, bringing its unique artistic vision to capture the brand\u2019s essence. The result is a design full of color, emotion, and meaning, a reflection of the talent of a creative team that challenges the boundaries of design perception.<\/p>\n","protected":false},"featured_media":31990,"template":"","meta":{"_acf_changed":false},"product_brand":[],"product_cat":[2301],"product_tag":[2414,2392,2371,2432,2412,2288,3265,2431,3269,3285,3286],"class_list":{"0":"post-31930","1":"product","2":"type-product","3":"status-publish","4":"has-post-thumbnail","6":"product_cat-aquatherm","7":"product_tag-cuidado-del-rostro-en","8":"product_tag-cuidados-faciales-en","9":"product_tag-dermohigiene-en","10":"product_tag-exfoliantes-y-mascarillas-en","11":"product_tag-hidratacion-en","12":"product_tag-higiene-en","13":"product_tag-kit-en","14":"product_tag-mascarilla-en","15":"product_tag-oxigenation","16":"product_tag-rutina-en","17":"product_tag-rutina-de-belleza-en","18":"no-featured-image-padding","19":"","20":"woocommerce-text-align-center","21":"woocommerce-image-align-center","23":"first","24":"outofstock","25":"product-type-simple"},"acf":[],"_links":{"self":[{"href":"https:\/\/skeyndor.com\/en\/wp-json\/wp\/v2\/product\/31930","targetHints":{"allow":["GET"]}}],"collection":[{"href":"https:\/\/skeyndor.com\/en\/wp-json\/wp\/v2\/product"}],"about":[{"href":"https:\/\/skeyndor.com\/en\/wp-json\/wp\/v2\/types\/product"}],"version-history":[{"count":1,"href":"https:\/\/skeyndor.com\/en\/wp-json\/wp\/v2\/product\/31930\/revisions"}],"predecessor-version":[{"id":34184,"href":"https:\/\/skeyndor.com\/en\/wp-json\/wp\/v2\/product\/31930\/revisions\/34184"}],"wp:featuredmedia":[{"embeddable":true,"href":"https:\/\/skeyndor.com\/en\/wp-json\/wp\/v2\/media\/31990"}],"wp:attachment":[{"href":"https:\/\/skeyndor.com\/en\/wp-json\/wp\/v2\/media?parent=31930"}],"wp:term":[{"taxonomy":"product_brand","embeddable":true,"href":"https:\/\/skeyndor.com\/en\/wp-json\/wp\/v2\/product_brand?post=31930"},{"taxonomy":"product_cat","embeddable":true,"href":"https:\/\/skeyndor.com\/en\/wp-json\/wp\/v2\/product_cat?post=31930"},{"taxonomy":"product_tag","embeddable":true,"href":"https:\/\/skeyndor.com\/en\/wp-json\/wp\/v2\/product_tag?post=31930"}],"curies":[{"name":"wp","href":"https:\/\/api.w.org\/{rel}","templated":true}]}}