{"id":24516,"date":"2023-05-16T15:47:14","date_gmt":"2023-05-16T13:47:14","guid":{"rendered":"https:\/\/skeyndor.com\/?post_type=product&#038;p=24516"},"modified":"2026-03-02T10:18:17","modified_gmt":"2026-03-02T09:18:17","slug":"tratamiento-cabina-aquatherm-profesional","status":"publish","type":"product","link":"https:\/\/skeyndor.com\/en\/product\/tratamiento-cabina-aquatherm-profesional\/","title":{"rendered":"Tratamiento cabina Aquatherm profesional"},"content":{"rendered":"<p>La nueva l\u00ednea Aquatherm, especialmente formulada para el cuidado de las pieles sensibles y pieles reactivas. Aquatherm es una l\u00ednea complementaria ideal para procedimientos de medicina est\u00e9tica,pues garantiza una comodidad y una calma \u00f3ptimas tras el tratamiento.<\/p>\n<h4>DESCRIPCI\u00d3N<\/h4>\n<p>El programa profesional de piel sensible de Aquatherm, ayuda a igualar el tono (enrojecimiento) y el aspecto de la piel sensible, tambi\u00e9n ayuda a aliviar las molestias. El 100% de usuarias con piel sensible confirma que el tratamiento deja la piel calmada y m\u00e1s hidratada.<\/p>\n<h4>TIPO DE PIEL<\/h4>\n<p>Tratamiento indicado para todo tipo de pieles, espec\u00edfico para pieles sensibles y reactivas.<\/p>\n<h4>INGREDIENTES ACTIVOS<\/h4>\n<p>\u2022 Complejo Minero-Termal Marino<br \/>\n\u2022 Factores Hidratantes Naturales(FHN)<br \/>\n\u2022 4-t-butylcyclohexanol<br \/>\n\u2022 Complejo Minero-Termal Marino<br \/>\n\u2022 Dihidroavenanteramida D<br \/>\n\u2022 Alfa-Bisabolol<br \/>\n\u2022 Beta-Glucano<br \/>\n\u2022 Pro-Vitamina B5<br \/>\n\u2022Oligosac\u00e1ridos y dermosac\u00e1ridos prebi\u00f3ticos<\/p>\n<h4>BENEFICIOS DEL TRATAMIENTO<\/h4>\n<p>Aporta un confort inmediato a la vez que trata los signos m\u00e1s comunes de envejecimiento cut\u00e1neo prematuro. Su uso continuado normaliza las pieles sensibles a trav\u00e9s de restablecer la funci\u00f3n barrera, reequilibrar el metabolismo epid\u00e9rmico y reducir la capacidad de la piel a reaccionar desfavorablemente ante determinadas situaciones como el estr\u00e9s, la poluci\u00f3n etc.<\/p>\n<div style=\"padding: 56.25% 0 0 0; position: relative;\"><iframe style=\"position: absolute; top: 0; left: 0; width: 100%; height: 100%;\"  src=\"https:\/\/player.vimeo.com\/video\/1051114597?h=e2cf74f718&amp;badge=0&amp;autopause=0&amp;player_id=0&amp;app_id=58479\" frameborder=\"0\"><\/iframe><\/div>\n<p><script src=\"https:\/\/player.vimeo.com\/api\/player.js\"><\/script><\/p>\n<h4>CATALOGO AQUATHERM<\/h4>\n<p><iframe src=\"https:\/\/www.slideshare.net\/slideshow\/embed_code\/key\/cSVILv7fLt9aYI\" width=\"610\" height=\"515\"frameborder=\"0\" marginwidth=\"0\" marginheight=\"0\" scrolling=\"no\"style=\"border: var(--border-1) solid #CCC; border-width:1px; margin-bottom:5px; max-width:100%;\"allowfullscreen><\/iframe><\/p>\n<div style=\"margin-bottom:5px\"><strong><a href=\"https:\/\/es.slideshare.net\/slideshow\/catalogo-aquatherm-2025-la-nueva-linea-aquatherm-especialmente-formulada-para-el-cuidado-de-las-pieles-sensibles-y-pieles-reactivas\/283397510\" target=\"_blank\" rel=\"noopener noreferrer nofollow\">catalogo-aquatherm-2025-la-nueva-linea-aquatherm-especialmente-formulada-para-el-cuidado-de-las-pieles-sensibles-y-pieles-reactivas<\/a><\/strong>from <strong><a href=\"https:\/\/es.slideshare.net\/SKEYNDORINTERNATIONAL\" target=\"_blank\" rel=\"noopener noreferrer nofollow\">SKEYNDOR INTERNATIONAL<\/a><\/strong><\/div>\n","protected":false},"excerpt":{"rendered":"<p><h\n\n<h2>Un tratamiento profesional de 4 pasos que mineraliza, hidrata y calma la piel sensible.<\/h2>\n<p>Tratamiento formulado para responder a los problemas que presentan las pieles sensibles y reactivas, aportando un confort immediato a la vez que trata los signos de envejecimiento cut\u00e1neo prematuro.<\/p>\n","protected":false},"featured_media":31819,"template":"","meta":{"_acf_changed":false},"product_brand":[],"product_cat":[15],"product_tag":[],"class_list":{"0":"post-24516","1":"product","2":"type-product","3":"status-publish","4":"has-post-thumbnail","6":"product_cat-sin-categorizar","7":"no-featured-image-padding","8":"","9":"woocommerce-text-align-center","10":"woocommerce-image-align-center","12":"first","13":"instock","14":"product-type-simple"},"acf":[],"_links":{"self":[{"href":"https:\/\/skeyndor.com\/en\/wp-json\/wp\/v2\/product\/24516","targetHints":{"allow":["GET"]}}],"collection":[{"href":"https:\/\/skeyndor.com\/en\/wp-json\/wp\/v2\/product"}],"about":[{"href":"https:\/\/skeyndor.com\/en\/wp-json\/wp\/v2\/types\/product"}],"version-history":[{"count":3,"href":"https:\/\/skeyndor.com\/en\/wp-json\/wp\/v2\/product\/24516\/revisions"}],"predecessor-version":[{"id":33402,"href":"https:\/\/skeyndor.com\/en\/wp-json\/wp\/v2\/product\/24516\/revisions\/33402"}],"wp:featuredmedia":[{"embeddable":true,"href":"https:\/\/skeyndor.com\/en\/wp-json\/wp\/v2\/media\/31819"}],"wp:attachment":[{"href":"https:\/\/skeyndor.com\/en\/wp-json\/wp\/v2\/media?parent=24516"}],"wp:term":[{"taxonomy":"product_brand","embeddable":true,"href":"https:\/\/skeyndor.com\/en\/wp-json\/wp\/v2\/product_brand?post=24516"},{"taxonomy":"product_cat","embeddable":true,"href":"https:\/\/skeyndor.com\/en\/wp-json\/wp\/v2\/product_cat?post=24516"},{"taxonomy":"product_tag","embeddable":true,"href":"https:\/\/skeyndor.com\/en\/wp-json\/wp\/v2\/product_tag?post=24516"}],"curies":[{"name":"wp","href":"https:\/\/api.w.org\/{rel}","templated":true}]}}