{"id":17574,"date":"2023-03-03T13:28:30","date_gmt":"2023-03-03T12:28:30","guid":{"rendered":"https:\/\/skeyndor.com\/?post_type=product&#038;p=17574"},"modified":"2026-04-22T12:51:53","modified_gmt":"2026-04-22T10:51:53","slug":"kit-facial-active-protection-hidratante","status":"publish","type":"product","link":"https:\/\/skeyndor.com\/en\/product\/kit-facial-active-protection-hidratante\/","title":{"rendered":"Kit facial Active Protection Hidratante- Age photo defense"},"content":{"rendered":"<h4>CONTENIDO DEL KIT<\/h4>\n<p>Descubre\u00a0 linea de fotoprotecci\u00f3n diaria <a href=\"https:\/\/skeyndor.com\/linea\/age-photo-defense\/\">AGE PHOTO DEFENSE <\/a>con este Kit facial exclusivo:<\/p>\n<ul>\n<li data-section-id=\"3jwxuq\" data-start=\"1187\" data-end=\"1240\">AGE PHOTO DEFENSE <a href=\"https:\/\/skeyndor.com\/producto\/crema-protectora-facial-piel-normal-spf50\/\">Crema protectora diaria spf50+<\/a> para todo tipo de pieles \u2013 75 ml<\/li>\n<li data-section-id=\"11rk6zn\" data-start=\"1241\" data-end=\"1277\"><a href=\"https:\/\/skeyndor.com\/producto\/booster-hidratante-power-hyaluronic\/\">Power Hyaluronic Booster<\/a> \u2013 15 ml<\/li>\n<\/ul>\n<p>Todas las cremas faciales protectoras de la nueva linea AGE PHOTO DEFENSE est\u00e1n desarrolladas con la tecnolog\u00eda [D+] TECH, capaz de activar y estimular los receptores de vitamina D (VDR) sobre la piel y tienen protecci\u00f3n solar muy alta (SPF 50+) y alta (SPF 50) de amplio espectro: UVA, UVB, HEVis e IR, ofreciendo 365 d\u00edas de protecci\u00f3n en cualquier entorno.<\/p>\n<h4>CONSEJOS DE APLICACI\u00d3N<\/h4>\n<p>Aplicar el booster sobre la piel limpia.<br \/>\nA continuaci\u00f3n, aplicar la crema protectora como \u00faltimo paso de la rutina, antes de la exposici\u00f3n solar.<\/p>\n<h4>TIPO DE PIEL<\/h4>\n<p>Este kit de la nueva linea Age photo defense, est\u00e1 indicado para todo tipo de pieles. Hay disponibles tres kits faciales en funci\u00f3n del tipo de piel, piel mixta, piel grasa y piel sensible.<\/p>\n<h4>BENEFICIOS<\/h4>\n<p>Protege frente a radiaci\u00f3n UVA, UVB, IR y luz azul<br \/>\nPreviene el envejecimiento fotoinducido<br \/>\nAporta hidrataci\u00f3n profunda y duradera<br \/>\nMejora la luminosidad de la piel<br \/>\nEvita la deshidrataci\u00f3n estival<br \/>\nMantiene la piel confortable y flexible<\/p>\n<div style=\"padding: 56.25% 0 0 0; position: relative;\"><iframe style=\"position: absolute; top: 0; left: 0; width: 100%; height: 100%;\"  src=\"https:\/\/player.vimeo.com\/video\/1060820420?badge=0&amp;autopause=0&amp;player_id=0&amp;app_id=58479\" frameborder=\"0\"><\/iframe><\/div>\n<p><script src=\"https:\/\/player.vimeo.com\/api\/player.js\"><\/script><\/p>\n","protected":false},"excerpt":{"rendered":"<h2>Kit Active Protection Hidratante. Fotoprotecci\u00f3n tratante + hidrataci\u00f3n profunda<\/h2>\n<p>Kit solar dise\u00f1ado para pieles normales y\/o deshidratadas que combina alta protecci\u00f3n solar con un tratamiento hidratante intensivo para mantener la piel equilibrada, luminosa y confortable durante la exposici\u00f3n solar.<\/p>\n<p>Integra la fotoprotecci\u00f3n dentro de la rutina diaria, ayudando a prevenir el fotoenvejecimiento y la deshidrataci\u00f3n cut\u00e1nea.<\/p>\n","protected":false},"featured_media":47654,"template":"","meta":{"_acf_changed":false},"product_brand":[],"product_cat":[1874],"product_tag":[714,422,822,713,2153,2081,837,709,2158,715],"class_list":{"0":"post-17574","1":"product","2":"type-product","3":"status-publish","4":"has-post-thumbnail","6":"product_cat-regala-belleza","7":"product_tag-crema-facial","8":"product_tag-hidratacion","9":"product_tag-kit","10":"product_tag-proteccion","11":"product_tag-proteccion-alta","12":"product_tag-proteccion-facial","13":"product_tag-reparacion","14":"product_tag-solar","15":"product_tag-spf-50","16":"product_tag-spf50","17":"no-featured-image-padding","18":"","19":"woocommerce-text-align-center","20":"woocommerce-image-align-center","22":"first","23":"instock","24":"purchasable","25":"product-type-simple"},"acf":[],"_links":{"self":[{"href":"https:\/\/skeyndor.com\/en\/wp-json\/wp\/v2\/product\/17574","targetHints":{"allow":["GET"]}}],"collection":[{"href":"https:\/\/skeyndor.com\/en\/wp-json\/wp\/v2\/product"}],"about":[{"href":"https:\/\/skeyndor.com\/en\/wp-json\/wp\/v2\/types\/product"}],"version-history":[{"count":3,"href":"https:\/\/skeyndor.com\/en\/wp-json\/wp\/v2\/product\/17574\/revisions"}],"predecessor-version":[{"id":47650,"href":"https:\/\/skeyndor.com\/en\/wp-json\/wp\/v2\/product\/17574\/revisions\/47650"}],"wp:featuredmedia":[{"embeddable":true,"href":"https:\/\/skeyndor.com\/en\/wp-json\/wp\/v2\/media\/47654"}],"wp:attachment":[{"href":"https:\/\/skeyndor.com\/en\/wp-json\/wp\/v2\/media?parent=17574"}],"wp:term":[{"taxonomy":"product_brand","embeddable":true,"href":"https:\/\/skeyndor.com\/en\/wp-json\/wp\/v2\/product_brand?post=17574"},{"taxonomy":"product_cat","embeddable":true,"href":"https:\/\/skeyndor.com\/en\/wp-json\/wp\/v2\/product_cat?post=17574"},{"taxonomy":"product_tag","embeddable":true,"href":"https:\/\/skeyndor.com\/en\/wp-json\/wp\/v2\/product_tag?post=17574"}],"curies":[{"name":"wp","href":"https:\/\/api.w.org\/{rel}","templated":true}]}}