{"id":16974,"date":"2023-01-19T19:13:36","date_gmt":"2023-01-19T19:13:36","guid":{"rendered":"https:\/\/skeyndor.com\/producto\/concentrado-firmeza-con-silicio-organico-yuca-y-clorella-spa-senses\/"},"modified":"2026-03-02T10:15:50","modified_gmt":"2026-03-02T09:15:50","slug":"concentrado-firmeza-con-silicio-organico-yuca-y-clorella-profesional-spa-senses","status":"publish","type":"product","link":"https:\/\/skeyndor.com\/en\/product\/concentrado-firmeza-con-silicio-organico-yuca-y-clorella-profesional-spa-senses\/","title":{"rendered":"Concentrado firmeza con silicio org\u00e1nico, yuca y clorella profesional- Spa Senses"},"content":{"rendered":"<h4>TIPO DE PIEL<\/h4>\n<p>Celulitis blandas, flacidez, post-partos y antiestr\u00edas.<\/p>\n<h4>PRINCIPIOS ACTIVOS<\/h4>\n<p>Silicio org\u00e1nico: Reafirmante y antiestr\u00edas.<br \/>\nYuca: Efecto lifting inmediato<br \/>\nExtracto Chlorella vulgaris: Potente acci\u00f3n anticolagenasa y antielastasa. Aumenta la s\u00edntesis de col\u00e1geno y elastina.<\/p>\n<h4>CONSEJOS DE APLICACI\u00d3N<\/h4>\n<p>Aplicar con masaje en las zonas a tratar, despu\u00e9s de haber exfoliado e hidratado la piel.<\/p>\n<h4>BENEFICIOS<\/h4>\n<p>Este concentrado de textura ligera y de f\u00e1cil absorci\u00f3n nos permite tratar la flacidez y las estr\u00edas. Indicado para tonificar la piel tras el embarazo o una dieta de adelgazamiento.<br \/>\nSe puede trabajar con hidroelectroforesis o ionizaci\u00f3n con polaridad negativa.<\/p>\n","protected":false},"excerpt":{"rendered":"<h2>Biol\u00f3gico profesional formulado para mejorar el aspecto de las pieles con signos de flacidez o con marcas de estiramiento. <\/h2>\n<p>Las f\u00f3rmulas concentradas de la naturaleza y los activos de alta calidad se funden para cuidar y conectar el cuerpo y la mente.<br \/>\nLos concentrados excepcionales de efecto reafirmante y antiestr\u00edas, cuidan la piel y ayudan a esculpir la silueta.<\/p>\n","protected":false},"featured_media":16978,"template":"","meta":{"_acf_changed":false},"product_brand":[],"product_cat":[2279,2278],"product_tag":[3298,959,383,486,1229,3288,2063,3278,3277,1667,2237],"class_list":{"0":"post-16974","1":"product","2":"type-product","3":"status-publish","4":"has-post-thumbnail","6":"product_cat-spa-senses","7":"product_cat-tratamiento-cabina","8":"product_tag-clorella","9":"product_tag-concentrado","10":"product_tag-corporal","11":"product_tag-cuerpo","12":"product_tag-firmeza","13":"product_tag-masaje","14":"product_tag-profesional","15":"product_tag-spa","16":"product_tag-spa-senses","17":"product_tag-tratamiento","18":"product_tag-tratamiento-corporal","19":"no-featured-image-padding","20":"","21":"woocommerce-text-align-center","22":"woocommerce-image-align-center","24":"first","25":"instock","26":"product-type-simple"},"acf":[],"_links":{"self":[{"href":"https:\/\/skeyndor.com\/en\/wp-json\/wp\/v2\/product\/16974","targetHints":{"allow":["GET"]}}],"collection":[{"href":"https:\/\/skeyndor.com\/en\/wp-json\/wp\/v2\/product"}],"about":[{"href":"https:\/\/skeyndor.com\/en\/wp-json\/wp\/v2\/types\/product"}],"version-history":[{"count":1,"href":"https:\/\/skeyndor.com\/en\/wp-json\/wp\/v2\/product\/16974\/revisions"}],"predecessor-version":[{"id":34071,"href":"https:\/\/skeyndor.com\/en\/wp-json\/wp\/v2\/product\/16974\/revisions\/34071"}],"wp:featuredmedia":[{"embeddable":true,"href":"https:\/\/skeyndor.com\/en\/wp-json\/wp\/v2\/media\/16978"}],"wp:attachment":[{"href":"https:\/\/skeyndor.com\/en\/wp-json\/wp\/v2\/media?parent=16974"}],"wp:term":[{"taxonomy":"product_brand","embeddable":true,"href":"https:\/\/skeyndor.com\/en\/wp-json\/wp\/v2\/product_brand?post=16974"},{"taxonomy":"product_cat","embeddable":true,"href":"https:\/\/skeyndor.com\/en\/wp-json\/wp\/v2\/product_cat?post=16974"},{"taxonomy":"product_tag","embeddable":true,"href":"https:\/\/skeyndor.com\/en\/wp-json\/wp\/v2\/product_tag?post=16974"}],"curies":[{"name":"wp","href":"https:\/\/api.w.org\/{rel}","templated":true}]}}