{"id":16964,"date":"2023-01-19T19:13:36","date_gmt":"2023-01-19T19:13:36","guid":{"rendered":"https:\/\/skeyndor.com\/producto\/concentrado-volumen-con-diente-de-leon-y-vara-de-oro-spa-senses\/"},"modified":"2026-03-02T10:15:47","modified_gmt":"2026-03-02T09:15:47","slug":"concentrado-volumen-con-diente-de-leon-y-vara-de-oro-profesional-spa-senses","status":"publish","type":"product","link":"https:\/\/skeyndor.com\/en\/product\/concentrado-volumen-con-diente-de-leon-y-vara-de-oro-profesional-spa-senses\/","title":{"rendered":"Concentrado volumen con diente de le\u00f3n y vara de oro profesional &#8211; Spa Senses"},"content":{"rendered":"<h4>TIPO DE PIEL<\/h4>\n<p>Celulitis blandas, celulitis edematosas, reducci\u00f3n de volumen y problemas circulatorios.<\/p>\n<h4>PRINCIPIOS ACTIVOS<\/h4>\n<p>Cafe\u00edna y derivados: Estimula la degradaci\u00f3n de triglic\u00e9ridos y reduce la entrada de \u00e1cidos grasos en el adipocito.<br \/>\nDiente de le\u00f3n: Depurativo, drenante y antiinflamatorio.<br \/>\nVara de oro: Act\u00faa como drenante, reduciendo la retenci\u00f3n de l\u00edquidos y toxinas.<br \/>\nExtracto de lim\u00f3n: Reduce la permeabilidad capilar y el edema.<br \/>\nExtracto de rusco: Activador de la circulaci\u00f3n<\/p>\n<h4>CONSEJOS DE APLICACI\u00d3N<\/h4>\n<p>Aplicar con masaje en las zonas a tratar, despu\u00e9s de haber exfoliado e hidratado la piel.<\/p>\n<h4>BENEFICIOS<\/h4>\n<p>Este concentrado de textura ligera y de f\u00e1cil absorci\u00f3n nos permite tratar las zonas con mayor presencia de l\u00edquidos, estimulando la circulaci\u00f3n y reduciendo la retenci\u00f3n de h\u00eddricos y toxinas.<br \/>\nSe puede trabajar con hidroelectroforesis o ionizaci\u00f3n con polaridad negativa.<\/p>\n","protected":false},"excerpt":{"rendered":"<h2> Biol\u00f3gico profesional indicado para suavizar el volumen de contorno.<\/h2>\n<p>Las f\u00f3rmulas concentradas de la naturaleza y los activos de alta calidad se funden para cuidar y conectar el cuerpo y la mente.<br \/>\nLos concentrados excepcionales de efecto reductor, circulatorio y drenante, cuidan la piel y ayudan a esculpir la silueta.<\/p>\n","protected":false},"featured_media":16968,"template":"","meta":{"_acf_changed":false},"product_brand":[],"product_cat":[2279,2278],"product_tag":[959,383,486,3297,3288,2063,3278,3277,1667,2237,470],"class_list":{"0":"post-16964","1":"product","2":"type-product","3":"status-publish","4":"has-post-thumbnail","6":"product_cat-spa-senses","7":"product_cat-tratamiento-cabina","8":"product_tag-concentrado","9":"product_tag-corporal","10":"product_tag-cuerpo","11":"product_tag-diente-de-leon","12":"product_tag-masaje","13":"product_tag-profesional","14":"product_tag-spa","15":"product_tag-spa-senses","16":"product_tag-tratamiento","17":"product_tag-tratamiento-corporal","18":"product_tag-volumen","19":"no-featured-image-padding","20":"","21":"woocommerce-text-align-center","22":"woocommerce-image-align-center","24":"first","25":"instock","26":"product-type-simple"},"acf":[],"_links":{"self":[{"href":"https:\/\/skeyndor.com\/en\/wp-json\/wp\/v2\/product\/16964","targetHints":{"allow":["GET"]}}],"collection":[{"href":"https:\/\/skeyndor.com\/en\/wp-json\/wp\/v2\/product"}],"about":[{"href":"https:\/\/skeyndor.com\/en\/wp-json\/wp\/v2\/types\/product"}],"version-history":[{"count":1,"href":"https:\/\/skeyndor.com\/en\/wp-json\/wp\/v2\/product\/16964\/revisions"}],"predecessor-version":[{"id":34070,"href":"https:\/\/skeyndor.com\/en\/wp-json\/wp\/v2\/product\/16964\/revisions\/34070"}],"wp:featuredmedia":[{"embeddable":true,"href":"https:\/\/skeyndor.com\/en\/wp-json\/wp\/v2\/media\/16968"}],"wp:attachment":[{"href":"https:\/\/skeyndor.com\/en\/wp-json\/wp\/v2\/media?parent=16964"}],"wp:term":[{"taxonomy":"product_brand","embeddable":true,"href":"https:\/\/skeyndor.com\/en\/wp-json\/wp\/v2\/product_brand?post=16964"},{"taxonomy":"product_cat","embeddable":true,"href":"https:\/\/skeyndor.com\/en\/wp-json\/wp\/v2\/product_cat?post=16964"},{"taxonomy":"product_tag","embeddable":true,"href":"https:\/\/skeyndor.com\/en\/wp-json\/wp\/v2\/product_tag?post=16964"}],"curies":[{"name":"wp","href":"https:\/\/api.w.org\/{rel}","templated":true}]}}